{"id":4050,"date":"2022-04-12T22:02:22","date_gmt":"2022-04-12T22:02:22","guid":{"rendered":"http:\/\/wv5.5e9.mywebsitetransfer.com\/?page_id=4050"},"modified":"2023-04-05T22:26:38","modified_gmt":"2023-04-05T22:26:38","slug":"organe-strukturen-team-2021","status":"publish","type":"page","link":"https:\/\/ahk-report.it\/de\/organe-strukturen-team-2021\/","title":{"rendered":"Organe Strukturen und Team 2021"},"content":{"rendered":"<div class=\"wpb-content-wrapper\">[vc_row thb_full_width=&#8220;true&#8220; css=&#8220;.vc_custom_1649883188992{margin-bottom: 10vh !important;background-color: #003882 !important;}&#8220;][vc_column][vc_row_inner css=&#8220;.vc_custom_1649882998586{padding-top: 10vh !important;padding-bottom: 10vh !important;}&#8220; el_class=&#8220;align-center&#8220;][vc_column_inner el_class=&#8220;text-center&#8220; offset=&#8220;vc_col-lg-8 vc_col-md-11&#8243;]\t<div id=\"thb-slidetype-69e5bfc80c67c\" class=\"thb-slidetype \" data-style=\"style1\">\n\t\t\n<h1><span class=\"thb-slidetype-entry\"><span class=\"lines\">Organe Strukturen und Team<\/span><\/span><\/h1>\n\t\t\t\t<style>\n\t\t\t#thb-slidetype-69e5bfc80c67c .thb-slidetype-entry {\n\t\t\t\tcolor: #ffffff;\n\t\t\t}\n\t\t<\/style>\n\t\t\t<\/div>\n\n\t[\/vc_column_inner][\/vc_row_inner][\/vc_column][\/vc_row][vc_row css=&#8220;.vc_custom_1649953803208{padding-bottom: 10vh !important;}&#8220;][vc_column width=&#8220;1\/4&#8243; animation=&#8220;animation bottom-to-top&#8220;][vc_empty_space height=&#8220;40px&#8220;][\/vc_column][vc_column width=&#8220;3\/4&#8243; animation=&#8220;animation bottom-to-top&#8220;][vc_column_text]\n<p style=\"font-weight: 400;\">Die wichtigsten Organe der AHK Italien sind die Mitgliederversammlung, die mindestens einmal im Jahr tagt, und der Vorstand, der aus Vertretern des Top-Managements von Mitgliedsunternehmen besteht:<\/p>\n<p style=\"font-weight: 400;\">Am 16. Juni 2021 hat die Mitgliederversammlung Monica Poggio, CEO von Bayer Italia, zur Pr\u00e4sidentin (mit 98,6 % der abgegebenen Stimmen) gew\u00e4hlt: die erste Frau in dieser Position bei der AHK Italien.<\/p>\n<p style=\"font-weight: 400;\">Die AHK Italien umfasst \u00fcber 50 zweisprachige Mitarbeiter und arbeitet t\u00e4glich f\u00fcr den Erfolg und das Wachstum unserer Organisation sowie unserer Community:<\/p>\n<p style=\"font-weight: 400;\">Besonderes Augenmerk wird nicht nur auf die stetige Optimierung der Dienstleistungen f\u00fcr Mitglieder und Kunden gelegt, sondern auch auf die Verbesserung interner Workflows durch Digitalisierung und Weiterbildung. In diesem Sinne wird unser Change-Management-Programm \u201eFuture Fitness\u201c auch nach dem 100. Jubil\u00e4um der AHK Italien weitergef\u00fchrt.<\/p>\n[\/vc_column_text]\t<a id=\"thb-button-69e5bfc80c790\" class=\"btn style2 small  gradient small-radius animation fade-in   \" href=\"https:\/\/www.ahk-italien.it\/ueber-uns\/team\" target=\"_blank\" role=\"button\">\n\t\t\t\t\t<span>UNSER TEAM<\/span>\n\t\t\t<\/a>\n\t\t\t<style>\n\n\t\t\t\t\t\t\t\t\t\t\t\t\/* Style2 *\/\n\t\t\t\t#thb-button-69e5bfc80c790.style2:after {\n\t\t\t\t\tbackground:#003882;background:linear-gradient( -135deg,#003882,#003882 );\t\t\t\t}\n\t\t\t\t#thb-button-69e5bfc80c790.style2:not(:hover) {\n\t\t\t\t\tcolor: #003882;\n\t\t\t\t}\n\t\t\t\t#thb-button-69e5bfc80c790.style2:before {\n\t\t\t\t\tbackground: ;\n\t\t\t\t}\n\t\t\t\t\t\t\t\t\t\t\t\t<\/style>\n\t\t[\/vc_column][\/vc_row][vc_row css=&#8220;.vc_custom_1649803031293{padding-bottom: 3vh !important;}&#8220;][vc_column width=&#8220;1\/4&#8243; animation=&#8220;animation bottom-to-top&#8220;][vc_empty_space height=&#8220;25px&#8220;][vc_column_text]\n<h3><span style=\"color: #003882;\"> Pr\u00e4sident <\/span><\/h3>\n[\/vc_column_text][vc_empty_space height=&#8220;40px&#8220;][\/vc_column][vc_column width=&#8220;3\/4&#8243; animation=&#8220;animation bottom-to-top&#8220; css=&#8220;.vc_custom_1649953437839{background-color: #ccd7e6 !important;}&#8220;]\t<div id=\"thb-horizontal-list-880\" class=\"thb-horizontal-list   \">\n\t\t\t\t\t<div class=\"horizontal-list-cell text-left\">\n\t\t\tMonica Poggio\t\t\t\t\t\t<\/div>\n\t\t\t\t\t<div class=\"horizontal-list-cell text-left\">\n\t\t\tBayer\t\t\t\t\t\t\t\t\t\t\t\t\t\t\t\t\t\t\t\t<\/div>\n\t\t\t\t\t\t<style>\n\t\t\t\t\t\t\t\t<\/style>\n\t<\/div>\n\t[\/vc_column][\/vc_row][vc_row css=&#8220;.vc_custom_1649802935135{padding-bottom: 3vh !important;}&#8220;][vc_column width=&#8220;1\/4&#8243; animation=&#8220;animation bottom-to-top&#8220;][vc_empty_space height=&#8220;25px&#8220;][vc_column_text]\n<h3><span style=\"color: #003882;\"> Vizepr\u00e4sidenten <\/span><\/h3>\n[\/vc_column_text][vc_empty_space height=&#8220;40px&#8220;][\/vc_column][vc_column width=&#8220;3\/4&#8243; animation=&#8220;animation bottom-to-top&#8220; css=&#8220;.vc_custom_1649953444016{background-color: #ccd7e6 !important;}&#8220;]\t<div id=\"thb-horizontal-list-48\" class=\"thb-horizontal-list   \">\n\t\t\t\t\t<div class=\"horizontal-list-cell text-left\">\n\t\t\tBeatrice Just<br \/>\nPaolo Poma<br \/>\nToni Purcaro\t\t\t\t\t\t<\/div>\n\t\t\t\t\t<div class=\"horizontal-list-cell text-left\">\n\t\t\tMillutensil<br \/>\nAutomobili Lamborghini<br \/>\nDEKRA Group\t\t\t\t\t\t\t\t\t\t\t\t\t\t\t\t\t\t\t\t<\/div>\n\t\t\t\t\t\t<style>\n\t\t\t\t\t\t\t\t<\/style>\n\t<\/div>\n\t[\/vc_column][\/vc_row][vc_row css=&#8220;.vc_custom_1649802749515{padding-bottom: 3vh !important;}&#8220;][vc_column width=&#8220;1\/4&#8243; animation=&#8220;animation bottom-to-top&#8220;][vc_empty_space height=&#8220;25px&#8220;][vc_column_text]\n<h3><span style=\"color: #003882;\"> Vorstandsmitglieder <\/span><\/h3>\n[\/vc_column_text][vc_empty_space height=&#8220;40px&#8220;][\/vc_column][vc_column width=&#8220;3\/4&#8243; animation=&#8220;animation bottom-to-top&#8220; css=&#8220;.vc_custom_1649953450466{background-color: #ccd7e6 !important;}&#8220;]\t<div id=\"thb-horizontal-list-361\" class=\"thb-horizontal-list   \">\n\t\t\t\t\t<div class=\"horizontal-list-cell text-left\">\n\t\t\tBernadette Bevacqua<br \/>\nRoberto Callieri<br \/>\nGiuseppe Degrandi<br \/>\nR\u00fcdiger Gastell<br \/>\nRadek Jelinek<br \/>\nErwin Rauhe<br \/>\nMassimiliano Silvestri\t\t\t\t\t\t<\/div>\n\t\t\t\t\t<div class=\"horizontal-list-cell text-left\">\n\t\t\tHenkel<br \/>\nItalcementi<br \/>\nFresenius Kabi Italia<br \/>\nDB Cargo Italy<br \/>\nMercedes-Benz Italia<br \/>\nExecutive Advocacy<br \/>\nLidl Italia\t\t\t\t\t\t\t\t\t\t\t\t\t\t\t\t\t\t\t\t<\/div>\n\t\t\t\t\t\t<style>\n\t\t\t\t\t\t\t\t<\/style>\n\t<\/div>\n\t[\/vc_column][\/vc_row][vc_row css=&#8220;.vc_custom_1649803298429{padding-bottom: 10vh !important;}&#8220;][vc_column width=&#8220;1\/4&#8243; animation=&#8220;animation bottom-to-top&#8220;][vc_empty_space height=&#8220;25px&#8220;][vc_column_text]\n<h3><span style=\"color: #003882;\">Gesch\u00e4ftsf\u00fchrender Vorstand<\/span><\/h3>\n[\/vc_column_text][vc_empty_space height=&#8220;40px&#8220;][\/vc_column][vc_column width=&#8220;3\/4&#8243; css=&#8220;.vc_custom_1649953457182{background-color: #ccd7e6 !important;}&#8220;]\t<div id=\"thb-horizontal-list-477\" class=\"thb-horizontal-list   \">\n\t\t\t\t\t<div class=\"horizontal-list-cell text-left\">\n\t\t\tJ\u00f6rg Buck\t\t\t\t\t\t<\/div>\n\t\t\t\t\t<div class=\"horizontal-list-cell text-left\">\n\t\t\tDelegato dell'Economia Tedesca\t\t\t\t\t\t\t\t\t\t\t\t\t\t\t\t\t\t\t\t<\/div>\n\t\t\t\t\t\t<style>\n\t\t\t\t\t\t\t\t<\/style>\n\t<\/div>\n\t[\/vc_column][\/vc_row][vc_row thb_full_width=&#8220;true&#8220; thb_row_padding=&#8220;true&#8220; thb_column_padding=&#8220;true&#8220; disable_element=&#8220;yes&#8220; css=&#8220;.vc_custom_1649801230652{margin-bottom: 15vh !important;padding-top: 28vh !important;padding-bottom: 25vh !important;background: #1c1f45 url(https:\/\/revolution.fuelthemes.net\/wp-content\/uploads\/2018\/03\/f2140.jpg?id=309) !important;background-position: center !important;background-repeat: no-repeat !important;background-size: cover !important;}&#8220;][vc_column][vc_row_inner content_placement=&#8220;middle&#8220; el_class=&#8220;align-center&#8220;][vc_column_inner thb_color=&#8220;thb-light-column&#8220; width=&#8220;1\/2&#8243; offset=&#8220;vc_col-lg-6 vc_col-md-8&#8243;]\t<div id=\"thb-slidetype-69e5bfc814d84\" class=\"thb-slidetype \" data-style=\"style1\">\n\t\t\n<h1><strong><span class=\"thb-slidetype-entry\"><span class=\"lines\">Dominion god which<\/span><\/span><span class=\"thb-slidetype-entry\"><span class=\"lines\">don't upon, Firmament.<\/span><\/span><\/strong><\/h1>\n\t\t\t\t<style>\n\t\t\t#thb-slidetype-69e5bfc814d84 .thb-slidetype-entry {\n\t\t\t\tcolor: #ffffff;\n\t\t\t}\n\t\t<\/style>\n\t\t\t<\/div>\n\n\t[vc_column_text animation=&#8220;animation fade-in&#8220;]We are a data-driven digital agency that aggressively focuses on performance. We have been involved in SEO since our founding in 1999 and have adopted other internet marketing.[\/vc_column_text][\/vc_column_inner][vc_column_inner el_class=&#8220;text-center&#8220; width=&#8220;1\/2&#8243;]\t<div id=\"thb-video-lightbox-69e5bfc814e13\" class=\"thb-video-lightbox lightbox-style1  thb-video-lightbox-icon-style-style3  large animation fade-in\">\n\t\t<a href=\"https:\/\/vimeo.com\/252767901\" class=\"thb-video-link mfp-video\"><\/a>\n\t\t\t\t<svg version=\"1.1\" class=\"thb-play-02\" xmlns=\"http:\/\/www.w3.org\/2000\/svg\" xmlns:xlink=\"http:\/\/www.w3.org\/1999\/xlink\" x=\"0px\" y=\"0px\" width=\"80px\" height=\"80px\" viewBox=\"0 0 80 80\" enable-background=\"new 0 0 80 80\" xml:space=\"preserve\">\n\t<path d=\"M34.833,51.753c-0.357,0-0.715-0.091-1.037-0.274c-0.659-0.374-1.066-1.073-1.066-1.831V28.192\n\t\tc0-0.758,0.407-1.458,1.066-1.832c0.659-0.373,1.469-0.362,2.119,0.027l17.883,10.729c0.633,0.379,1.021,1.064,1.021,1.803\n\t\ts-0.389,1.423-1.021,1.803L35.915,51.451C35.582,51.653,35.207,51.753,34.833,51.753z M36.937,31.907v14.027l11.69-7.014\n\t\tL36.937,31.907z\"><\/path>\n\t<circle class=\"circle1\" cx=\"40\" cy=\"40\" r=\"38\"><\/circle>\n\t<circle class=\"circle1 circle2\" cx=\"40\" cy=\"40\" r=\"38\"><\/circle>\n<\/svg>\t\t\t\t<style>\n\t\t\t\t\t\t\t#thb-video-lightbox-69e5bfc814e13 svg {\n\t\t\t\t\tfill: #ffffff;\n\t\t\t\t}\n\t\t\t\t#thb-video-lightbox-69e5bfc814e13 svg.thb-play-02 .circle1 {\n\t\t\t\t\tstroke: #ffffff;\n\t\t\t\t}\n\t\t\t\t#thb-video-lightbox-69e5bfc814e13.thb-video-lightbox-icon-style-style4 .thb-video-text {\n\t\t\t\t\tcolor: #ffffff;\n\t\t\t\t}\n\t\t\t\t\t\t\t\t\t<\/style>\n\t<\/div>\n\t[\/vc_column_inner][\/vc_row_inner][\/vc_column][\/vc_row]\n<\/div>","protected":false},"excerpt":{"rendered":"<p>[vc_row thb_full_width=&#8220;true&#8220; css=&#8220;.vc_custom_1649883188992{margin-bottom: 10vh !important;background-color: #003882 !important;}&#8220;][vc_column][vc_row_inner css=&#8220;.vc_custom_1649882998586{padding-top: 10vh !important;padding-bottom: 10vh !important;}&#8220; el_class=&#8220;align-center&#8220;][vc_column_inner el_class=&#8220;text-center&#8220; offset=&#8220;vc_col-lg-8 vc_col-md-11&#8243;][\/vc_column_inner][\/vc_row_inner][\/vc_column][\/vc_row][vc_row css=&#8220;.vc_custom_1649953803208{padding-bottom: 10vh !important;}&#8220;][vc_column width=&#8220;1\/4&#8243; animation=&#8220;animation bottom-to-top&#8220;][vc_empty_space height=&#8220;40px&#8220;][\/vc_column][vc_column width=&#8220;3\/4&#8243; animation=&#8220;animation bottom-to-top&#8220;][vc_column_text] Die wichtigsten Organe der AHK Italien sind die Mitgliederversammlung, die mindestens einmal im Jahr tagt, und der Vorstand, der aus Vertretern des Top-Managements von Mitgliedsunternehmen besteht: Am 16. Juni&hellip;<\/p>\n","protected":false},"author":1,"featured_media":2453,"parent":0,"menu_order":2,"comment_status":"closed","ping_status":"closed","template":"","meta":{"footnotes":""},"class_list":["post-4050","page","type-page","status-publish","has-post-thumbnail","hentry"],"yoast_head":"<!-- This site is optimized with the Yoast SEO plugin v26.9 - https:\/\/yoast.com\/product\/yoast-seo-wordpress\/ -->\n<title>Organe Strukturen und Team 2021 - Ahk Report<\/title>\n<meta name=\"robots\" content=\"index, follow, max-snippet:-1, max-image-preview:large, max-video-preview:-1\" \/>\n<link rel=\"canonical\" href=\"https:\/\/ahk-report.it\/de\/organe-strukturen-team-2021\/\" \/>\n<meta property=\"og:locale\" content=\"de_DE\" \/>\n<meta property=\"og:type\" content=\"article\" \/>\n<meta property=\"og:title\" content=\"Organe Strukturen und Team 2021 - Ahk Report\" \/>\n<meta property=\"og:description\" content=\"[vc_row thb_full_width=&#8220;true&#8220; css=&#8220;.vc_custom_1649883188992{margin-bottom: 10vh !important;background-color: #003882 !important;}&#8220;][vc_column][vc_row_inner css=&#8220;.vc_custom_1649882998586{padding-top: 10vh !important;padding-bottom: 10vh !important;}&#8220; el_class=&#8220;align-center&#8220;][vc_column_inner el_class=&#8220;text-center&#8220; offset=&#8220;vc_col-lg-8 vc_col-md-11&#8243;][\/vc_column_inner][\/vc_row_inner][\/vc_column][\/vc_row][vc_row css=&#8220;.vc_custom_1649953803208{padding-bottom: 10vh !important;}&#8220;][vc_column width=&#8220;1\/4&#8243; animation=&#8220;animation bottom-to-top&#8220;][vc_empty_space height=&#8220;40px&#8220;][\/vc_column][vc_column width=&#8220;3\/4&#8243; animation=&#8220;animation bottom-to-top&#8220;][vc_column_text] Die wichtigsten Organe der AHK Italien sind die Mitgliederversammlung, die mindestens einmal im Jahr tagt, und der Vorstand, der aus Vertretern des Top-Managements von Mitgliedsunternehmen besteht: Am 16. Juni&hellip;\" \/>\n<meta property=\"og:url\" content=\"https:\/\/ahk-report.it\/de\/organe-strukturen-team-2021\/\" \/>\n<meta property=\"og:site_name\" content=\"Ahk Report\" \/>\n<meta property=\"article:modified_time\" content=\"2023-04-05T22:26:38+00:00\" \/>\n<meta property=\"og:image\" content=\"https:\/\/ahk-report.it\/wp-content\/uploads\/2022\/03\/Organi-e1651069376762.jpg\" \/>\n\t<meta property=\"og:image:width\" content=\"1538\" \/>\n\t<meta property=\"og:image:height\" content=\"684\" \/>\n\t<meta property=\"og:image:type\" content=\"image\/jpeg\" \/>\n<meta name=\"twitter:card\" content=\"summary_large_image\" \/>\n<meta name=\"twitter:label1\" content=\"Gesch\u00e4tzte Lesezeit\" \/>\n\t<meta name=\"twitter:data1\" content=\"4\u00a0Minuten\" \/>\n<script type=\"application\/ld+json\" class=\"yoast-schema-graph\">{\"@context\":\"https:\/\/schema.org\",\"@graph\":[{\"@type\":\"WebPage\",\"@id\":\"https:\/\/ahk-report.it\/de\/organe-strukturen-team-2021\/\",\"url\":\"https:\/\/ahk-report.it\/de\/organe-strukturen-team-2021\/\",\"name\":\"Organe Strukturen und Team 2021 - Ahk Report\",\"isPartOf\":{\"@id\":\"https:\/\/ahk-report.it\/#website\"},\"primaryImageOfPage\":{\"@id\":\"https:\/\/ahk-report.it\/de\/organe-strukturen-team-2021\/#primaryimage\"},\"image\":{\"@id\":\"https:\/\/ahk-report.it\/de\/organe-strukturen-team-2021\/#primaryimage\"},\"thumbnailUrl\":\"https:\/\/ahk-report.it\/wp-content\/uploads\/2022\/03\/Organi-e1651069376762.jpg\",\"datePublished\":\"2022-04-12T22:02:22+00:00\",\"dateModified\":\"2023-04-05T22:26:38+00:00\",\"breadcrumb\":{\"@id\":\"https:\/\/ahk-report.it\/de\/organe-strukturen-team-2021\/#breadcrumb\"},\"inLanguage\":\"de\",\"potentialAction\":[{\"@type\":\"ReadAction\",\"target\":[\"https:\/\/ahk-report.it\/de\/organe-strukturen-team-2021\/\"]}]},{\"@type\":\"ImageObject\",\"inLanguage\":\"de\",\"@id\":\"https:\/\/ahk-report.it\/de\/organe-strukturen-team-2021\/#primaryimage\",\"url\":\"https:\/\/ahk-report.it\/wp-content\/uploads\/2022\/03\/Organi-e1651069376762.jpg\",\"contentUrl\":\"https:\/\/ahk-report.it\/wp-content\/uploads\/2022\/03\/Organi-e1651069376762.jpg\",\"width\":1538,\"height\":684},{\"@type\":\"BreadcrumbList\",\"@id\":\"https:\/\/ahk-report.it\/de\/organe-strukturen-team-2021\/#breadcrumb\",\"itemListElement\":[{\"@type\":\"ListItem\",\"position\":1,\"name\":\"Home\",\"item\":\"https:\/\/ahk-report.it\/de\/\"},{\"@type\":\"ListItem\",\"position\":2,\"name\":\"Organe Strukturen und Team 2021\"}]},{\"@type\":\"WebSite\",\"@id\":\"https:\/\/ahk-report.it\/#website\",\"url\":\"https:\/\/ahk-report.it\/\",\"name\":\"Ahk Report\",\"description\":\"Report annuale Ahk Italien\",\"publisher\":{\"@id\":\"https:\/\/ahk-report.it\/#organization\"},\"potentialAction\":[{\"@type\":\"SearchAction\",\"target\":{\"@type\":\"EntryPoint\",\"urlTemplate\":\"https:\/\/ahk-report.it\/?s={search_term_string}\"},\"query-input\":{\"@type\":\"PropertyValueSpecification\",\"valueRequired\":true,\"valueName\":\"search_term_string\"}}],\"inLanguage\":\"de\"},{\"@type\":\"Organization\",\"@id\":\"https:\/\/ahk-report.it\/#organization\",\"name\":\"Ahk Report\",\"url\":\"https:\/\/ahk-report.it\/\",\"logo\":{\"@type\":\"ImageObject\",\"inLanguage\":\"de\",\"@id\":\"https:\/\/ahk-report.it\/#\/schema\/logo\/image\/\",\"url\":\"https:\/\/ahk-report.it\/wp-content\/uploads\/2022\/03\/ahk_cmyk.png\",\"contentUrl\":\"https:\/\/ahk-report.it\/wp-content\/uploads\/2022\/03\/ahk_cmyk.png\",\"width\":483,\"height\":120,\"caption\":\"Ahk Report\"},\"image\":{\"@id\":\"https:\/\/ahk-report.it\/#\/schema\/logo\/image\/\"}}]}<\/script>\n<!-- \/ Yoast SEO plugin. -->","yoast_head_json":{"title":"Organe Strukturen und Team 2021 - Ahk Report","robots":{"index":"index","follow":"follow","max-snippet":"max-snippet:-1","max-image-preview":"max-image-preview:large","max-video-preview":"max-video-preview:-1"},"canonical":"https:\/\/ahk-report.it\/de\/organe-strukturen-team-2021\/","og_locale":"de_DE","og_type":"article","og_title":"Organe Strukturen und Team 2021 - Ahk Report","og_description":"[vc_row thb_full_width=&#8220;true&#8220; css=&#8220;.vc_custom_1649883188992{margin-bottom: 10vh !important;background-color: #003882 !important;}&#8220;][vc_column][vc_row_inner css=&#8220;.vc_custom_1649882998586{padding-top: 10vh !important;padding-bottom: 10vh !important;}&#8220; el_class=&#8220;align-center&#8220;][vc_column_inner el_class=&#8220;text-center&#8220; offset=&#8220;vc_col-lg-8 vc_col-md-11&#8243;][\/vc_column_inner][\/vc_row_inner][\/vc_column][\/vc_row][vc_row css=&#8220;.vc_custom_1649953803208{padding-bottom: 10vh !important;}&#8220;][vc_column width=&#8220;1\/4&#8243; animation=&#8220;animation bottom-to-top&#8220;][vc_empty_space height=&#8220;40px&#8220;][\/vc_column][vc_column width=&#8220;3\/4&#8243; animation=&#8220;animation bottom-to-top&#8220;][vc_column_text] Die wichtigsten Organe der AHK Italien sind die Mitgliederversammlung, die mindestens einmal im Jahr tagt, und der Vorstand, der aus Vertretern des Top-Managements von Mitgliedsunternehmen besteht: Am 16. Juni&hellip;","og_url":"https:\/\/ahk-report.it\/de\/organe-strukturen-team-2021\/","og_site_name":"Ahk Report","article_modified_time":"2023-04-05T22:26:38+00:00","og_image":[{"width":1538,"height":684,"url":"https:\/\/ahk-report.it\/wp-content\/uploads\/2022\/03\/Organi-e1651069376762.jpg","type":"image\/jpeg"}],"twitter_card":"summary_large_image","twitter_misc":{"Gesch\u00e4tzte Lesezeit":"4\u00a0Minuten"},"schema":{"@context":"https:\/\/schema.org","@graph":[{"@type":"WebPage","@id":"https:\/\/ahk-report.it\/de\/organe-strukturen-team-2021\/","url":"https:\/\/ahk-report.it\/de\/organe-strukturen-team-2021\/","name":"Organe Strukturen und Team 2021 - Ahk Report","isPartOf":{"@id":"https:\/\/ahk-report.it\/#website"},"primaryImageOfPage":{"@id":"https:\/\/ahk-report.it\/de\/organe-strukturen-team-2021\/#primaryimage"},"image":{"@id":"https:\/\/ahk-report.it\/de\/organe-strukturen-team-2021\/#primaryimage"},"thumbnailUrl":"https:\/\/ahk-report.it\/wp-content\/uploads\/2022\/03\/Organi-e1651069376762.jpg","datePublished":"2022-04-12T22:02:22+00:00","dateModified":"2023-04-05T22:26:38+00:00","breadcrumb":{"@id":"https:\/\/ahk-report.it\/de\/organe-strukturen-team-2021\/#breadcrumb"},"inLanguage":"de","potentialAction":[{"@type":"ReadAction","target":["https:\/\/ahk-report.it\/de\/organe-strukturen-team-2021\/"]}]},{"@type":"ImageObject","inLanguage":"de","@id":"https:\/\/ahk-report.it\/de\/organe-strukturen-team-2021\/#primaryimage","url":"https:\/\/ahk-report.it\/wp-content\/uploads\/2022\/03\/Organi-e1651069376762.jpg","contentUrl":"https:\/\/ahk-report.it\/wp-content\/uploads\/2022\/03\/Organi-e1651069376762.jpg","width":1538,"height":684},{"@type":"BreadcrumbList","@id":"https:\/\/ahk-report.it\/de\/organe-strukturen-team-2021\/#breadcrumb","itemListElement":[{"@type":"ListItem","position":1,"name":"Home","item":"https:\/\/ahk-report.it\/de\/"},{"@type":"ListItem","position":2,"name":"Organe Strukturen und Team 2021"}]},{"@type":"WebSite","@id":"https:\/\/ahk-report.it\/#website","url":"https:\/\/ahk-report.it\/","name":"Ahk Report","description":"Report annuale Ahk Italien","publisher":{"@id":"https:\/\/ahk-report.it\/#organization"},"potentialAction":[{"@type":"SearchAction","target":{"@type":"EntryPoint","urlTemplate":"https:\/\/ahk-report.it\/?s={search_term_string}"},"query-input":{"@type":"PropertyValueSpecification","valueRequired":true,"valueName":"search_term_string"}}],"inLanguage":"de"},{"@type":"Organization","@id":"https:\/\/ahk-report.it\/#organization","name":"Ahk Report","url":"https:\/\/ahk-report.it\/","logo":{"@type":"ImageObject","inLanguage":"de","@id":"https:\/\/ahk-report.it\/#\/schema\/logo\/image\/","url":"https:\/\/ahk-report.it\/wp-content\/uploads\/2022\/03\/ahk_cmyk.png","contentUrl":"https:\/\/ahk-report.it\/wp-content\/uploads\/2022\/03\/ahk_cmyk.png","width":483,"height":120,"caption":"Ahk Report"},"image":{"@id":"https:\/\/ahk-report.it\/#\/schema\/logo\/image\/"}}]}},"_links":{"self":[{"href":"https:\/\/ahk-report.it\/de\/wp-json\/wp\/v2\/pages\/4050","targetHints":{"allow":["GET"]}}],"collection":[{"href":"https:\/\/ahk-report.it\/de\/wp-json\/wp\/v2\/pages"}],"about":[{"href":"https:\/\/ahk-report.it\/de\/wp-json\/wp\/v2\/types\/page"}],"author":[{"embeddable":true,"href":"https:\/\/ahk-report.it\/de\/wp-json\/wp\/v2\/users\/1"}],"replies":[{"embeddable":true,"href":"https:\/\/ahk-report.it\/de\/wp-json\/wp\/v2\/comments?post=4050"}],"version-history":[{"count":0,"href":"https:\/\/ahk-report.it\/de\/wp-json\/wp\/v2\/pages\/4050\/revisions"}],"wp:featuredmedia":[{"embeddable":true,"href":"https:\/\/ahk-report.it\/de\/wp-json\/wp\/v2\/media\/2453"}],"wp:attachment":[{"href":"https:\/\/ahk-report.it\/de\/wp-json\/wp\/v2\/media?parent=4050"}],"curies":[{"name":"wp","href":"https:\/\/api.w.org\/{rel}","templated":true}]}}